{"id":7928,"date":"2022-04-04T13:31:06","date_gmt":"2022-04-04T13:31:06","guid":{"rendered":"https:\/\/staging-arc.liquid-themes.com\/dark\/?page_id=7928"},"modified":"2025-11-18T10:22:38","modified_gmt":"2025-11-18T09:22:38","slug":"chi-siamo","status":"publish","type":"page","link":"https:\/\/kosestudio.eu\/pl\/chi-siamo\/","title":{"rendered":"O nas"},"content":{"rendered":"<div data-elementor-type=\"wp-page\" data-elementor-id=\"7928\" class=\"elementor elementor-7928\">\n\t\t\t\t\t\t<section class=\"elementor-section elementor-top-section elementor-element elementor-element-1b222463 elementor-section-boxed elementor-section-height-default elementor-section-height-default\" data-id=\"1b222463\" data-element_type=\"section\">\n\t\t\t\t\t\t<div class=\"elementor-container elementor-column-gap-default\">\n\t\t\t\t\t<div class=\"elementor-column elementor-col-100 elementor-top-column elementor-element elementor-element-52364ab8\" data-id=\"52364ab8\" data-element_type=\"column\">\n\t\t\t<div class=\"elementor-widget-wrap elementor-element-populated\">\n\t\t\t\t\t\t<section class=\"elementor-section elementor-inner-section elementor-element elementor-element-303e5276 elementor-section-boxed elementor-section-height-default elementor-section-height-default\" data-id=\"303e5276\" data-element_type=\"section\">\n\t\t\t\t\t\t<div class=\"elementor-container elementor-column-gap-default\">\n\t\t\t\t\t<div class=\"elementor-column elementor-col-100 elementor-inner-column elementor-element elementor-element-16bd518f\" data-id=\"16bd518f\" data-element_type=\"column\">\n\t\t\t<div class=\"elementor-widget-wrap elementor-element-populated\">\n\t\t\t\t\t\t<div class=\"elementor-element elementor-element-4b768a7d elementor-widget elementor-widget-hub_fancy_heading lqd-el-has-inner-anim\" data-id=\"4b768a7d\" data-element_type=\"widget\" data-settings=\"{&quot;enable_split&quot;:&quot;true&quot;,&quot;split_type&quot;:&quot;chars, words&quot;}\" data-widget_type=\"hub_fancy_heading.default\">\n\t\t\t\t<div class=\"elementor-widget-container\">\n\t\t\t\t\t\n\t\t<div id=\"ld-fancy-heading-69f867f804b15\" class=\"ld-fancy-heading pos-rel\">\n\t\t\t<h1 class=\"ld-fh-element d-inline-block pos-rel  elementor-heading-title lqd-highlight-classic lqd-highlight-grow-left lqd-split-chars h5\"  data-text-rotator=\"true\" data-split-text=\"true\" data-split-options='{\"type\":\"chars, words\"}'> Odkryj Kose Studio<br> <span class=\"txt-rotate-keywords\"><span class=\"txt-rotate-keyword active\" ><span>W\u0142oska marka<\/span><\/span><span class=\"txt-rotate-keyword\" ><span>Globalna wizja<\/span><\/span><\/span><\/h1>\t\t<\/div>\n\n\t\t\t\t\t\t<\/div>\n\t\t\t\t<\/div>\n\t\t\t\t<div class=\"elementor-element elementor-element-808cee1 elementor-widget elementor-widget-ld_mask_slider\" data-id=\"808cee1\" data-element_type=\"widget\" data-widget_type=\"ld_mask_slider.default\">\n\t\t\t\t<div class=\"elementor-widget-container\">\n\t\t\t\t\t\n\t\t<div class=\"lqd-mask-slider-slides pos-rel overflow-hidden\" data-lqd-switch-active=\"true\" data-switch-options=\"{&quot;waitForInview&quot;:true,&quot;prevClasses&quot;:[&quot;lqd-mask-slider-slide-active&quot;,&quot;lqd-mask-slider-slide-prev&quot;],&quot;activeClasses&quot;:[&quot;lqd-mask-slider-slide-active&quot;,&quot;lqd-mask-slider-slide-current&quot;,&quot;z-index-2&quot;],&quot;nextClasses&quot;:[&quot;lqd-mask-slider-slide-next&quot;],&quot;duration&quot;:4}\">\n\t\t\t      <div class=\"lqd-mask-slider-slide d-flex lqd-overlay\">\n              <div class=\"lqd-mask-slider-img-wrap h-100 pos-rel overflow-hidden\" style=\"width: 100%;\">\n        <div class=\"lqd-mask-slider-movin-part lqd-mask-slider-img-inner lqd-overlay overflow-hidden\">\n          <figure class=\"lqd-mask-slider-movin-part lqd-mask-slider-fig lqd-overlay overflow-hidden\">\n            <img decoding=\"async\" class=\"lqd-mask-slider-movin-part lqd-mask-slider-img w-100 h-100 objfit-cover objfit-center\" src=\"http:\/\/serwer2538963.home.pl\/kose\/wp-content\/uploads\/2025\/11\/domek-z-lustrzana-fasada.jpg\" alt=\"domek-z-lustrzana-fasada\">\n          <\/figure>\n        <\/div>\n      <\/div>\n          <\/div>\n          <div class=\"lqd-mask-slider-slide d-flex lqd-overlay\">\n              <div class=\"lqd-mask-slider-img-wrap h-100 pos-rel overflow-hidden\" style=\"width: 100%;\">\n        <div class=\"lqd-mask-slider-movin-part lqd-mask-slider-img-inner lqd-overlay overflow-hidden\">\n          <figure class=\"lqd-mask-slider-movin-part lqd-mask-slider-fig lqd-overlay overflow-hidden\">\n            <img decoding=\"async\" class=\"lqd-mask-slider-movin-part lqd-mask-slider-img w-100 h-100 objfit-cover objfit-center\" src=\"http:\/\/serwer2538963.home.pl\/kose\/wp-content\/uploads\/2025\/11\/103A-3.jpg\" alt=\"103A\">\n          <\/figure>\n        <\/div>\n      <\/div>\n          <\/div>\n          <div class=\"lqd-mask-slider-slide d-flex lqd-overlay\">\n              <div class=\"lqd-mask-slider-img-wrap h-100 pos-rel overflow-hidden\" style=\"width: 100%;\">\n        <div class=\"lqd-mask-slider-movin-part lqd-mask-slider-img-inner lqd-overlay overflow-hidden\">\n          <figure class=\"lqd-mask-slider-movin-part lqd-mask-slider-fig lqd-overlay overflow-hidden\">\n            <img decoding=\"async\" class=\"lqd-mask-slider-movin-part lqd-mask-slider-img w-100 h-100 objfit-cover objfit-center\" src=\"http:\/\/serwer2538963.home.pl\/kose\/wp-content\/uploads\/2025\/11\/domek-z-lustrzana-fasada.jpg\" alt=\"domek-z-lustrzana-fasada\">\n          <\/figure>\n        <\/div>\n      <\/div>\n          <\/div>\n          <div class=\"lqd-mask-slider-slide d-flex lqd-overlay\">\n              <div class=\"lqd-mask-slider-img-wrap h-100 pos-rel overflow-hidden\" style=\"width: 100%;\">\n        <div class=\"lqd-mask-slider-movin-part lqd-mask-slider-img-inner lqd-overlay overflow-hidden\">\n          <figure class=\"lqd-mask-slider-movin-part lqd-mask-slider-fig lqd-overlay overflow-hidden\">\n            <img decoding=\"async\" class=\"lqd-mask-slider-movin-part lqd-mask-slider-img w-100 h-100 objfit-cover objfit-center\" src=\"http:\/\/serwer2538963.home.pl\/kose\/wp-content\/uploads\/2025\/11\/103A-3.jpg\" alt=\"103A\">\n          <\/figure>\n        <\/div>\n      <\/div>\n          <\/div>\n    \t\t<\/div>\n\n\t\t\t\t\t<\/div>\n\t\t\t\t<\/div>\n\t\t\t\t\t<\/div>\n\t\t<\/div>\n\t\t\t\t\t<\/div>\n\t\t<\/section>\n\t\t\t\t\t<\/div>\n\t\t<\/div>\n\t\t\t\t\t<\/div>\n\t\t<\/section>\n\t\t\t\t<section class=\"elementor-section elementor-top-section elementor-element elementor-element-658c6ef5 elementor-section-boxed elementor-section-height-default elementor-section-height-default\" data-id=\"658c6ef5\" data-element_type=\"section\">\n\t\t\t\t\t\t<div class=\"elementor-container elementor-column-gap-default\">\n\t\t\t\t\t<div class=\"elementor-column elementor-col-50 elementor-top-column elementor-element elementor-element-4e1f08b8\" data-id=\"4e1f08b8\" data-element_type=\"column\">\n\t\t\t<div class=\"elementor-widget-wrap elementor-element-populated\">\n\t\t\t\t\t\t<section class=\"elementor-section elementor-inner-section elementor-element elementor-element-14245581 elementor-section-boxed elementor-section-height-default elementor-section-height-default\" data-id=\"14245581\" data-element_type=\"section\">\n\t\t\t\t\t\t<div class=\"elementor-container elementor-column-gap-default\">\n\t\t\t\t\t<div class=\"elementor-column elementor-col-100 elementor-inner-column elementor-element elementor-element-34899ee9\" data-id=\"34899ee9\" data-element_type=\"column\">\n\t\t\t<div class=\"elementor-widget-wrap elementor-element-populated\">\n\t\t\t\t\t\t<div class=\"elementor-element elementor-element-6fc9619e elementor-widget elementor-widget-hub_fancy_heading\" data-id=\"6fc9619e\" data-element_type=\"widget\" data-widget_type=\"hub_fancy_heading.default\">\n\t\t\t\t<div class=\"elementor-widget-container\">\n\t\t\t\t\t\n\t\t<div id=\"ld-fancy-heading-69f867f8062ce\" class=\"ld-fancy-heading pos-rel\">\n\t\t\t<h5 class=\"ld-fh-element d-inline-block pos-rel  elementor-heading-title lqd-highlight-classic lqd-highlight-grow-left h5\"  > Projektowanie wn\u0119trz<br \/>Projektowanie architektoniczne<br \/>Projektowanie o\u015bwietlenia<br \/><\/h5>\t\t<\/div>\n\n\t\t\t\t\t\t<\/div>\n\t\t\t\t<\/div>\n\t\t\t\t\t<\/div>\n\t\t<\/div>\n\t\t\t\t\t<\/div>\n\t\t<\/section>\n\t\t\t\t\t<\/div>\n\t\t<\/div>\n\t\t\t\t<div class=\"elementor-column elementor-col-50 elementor-top-column elementor-element elementor-element-9c77e6d\" data-id=\"9c77e6d\" data-element_type=\"column\">\n\t\t\t<div class=\"elementor-widget-wrap elementor-element-populated\">\n\t\t\t\t\t\t<div class=\"elementor-element elementor-element-1bf96e2b elementor-widget elementor-widget-hub_fancy_heading\" data-id=\"1bf96e2b\" data-element_type=\"widget\" data-widget_type=\"hub_fancy_heading.default\">\n\t\t\t\t<div class=\"elementor-widget-container\">\n\t\t\t\t\t\n\t\t<div id=\"ld-fancy-heading-69f867f80673e\" class=\"ld-fancy-heading pos-rel\">\n\t\t\t<p class=\"ld-fh-element d-inline-block pos-rel  lqd-highlight-classic lqd-highlight-grow-left p\"  > KOSE Interior Design Studio to w\u0142oska marka oferuj\u0105ca pe\u0142en zakres us\u0142ug, dzia\u0142aj\u0105ca nieprzerwanie od 2008 roku. Specjalizujemy si\u0119 w planowaniu, projektowaniu i zarz\u0105dzaniu projektami mieszka\u0144, dom\u00f3w i przestrzeni komercyjnych.<\/p>\t\t<\/div>\n\n\t\t\t\t\t\t<\/div>\n\t\t\t\t<\/div>\n\t\t\t\t<div class=\"elementor-element elementor-element-7c775a9c elementor-widget elementor-widget-hub_fancy_heading\" data-id=\"7c775a9c\" data-element_type=\"widget\" data-widget_type=\"hub_fancy_heading.default\">\n\t\t\t\t<div class=\"elementor-widget-container\">\n\t\t\t\t\t\n\t\t<div id=\"ld-fancy-heading-69f867f806aee\" class=\"ld-fancy-heading pos-rel\">\n\t\t\t<p class=\"ld-fh-element d-inline-block pos-rel  lqd-highlight-classic lqd-highlight-grow-left p\"  > Nasza dzia\u0142alno\u015b\u0107 obejmuje nie tylko W\u0142ochy, ale tak\u017ce Polsk\u0119, Floryd\u0119 i Norwegi\u0119. We wszystkich tych miejscach d\u0105\u017cymy do tworzenia pi\u0119knych i funkcjonalnych wn\u0119trz, kt\u00f3re w elegancki i komfortowy spos\u00f3b odzwierciedlaj\u0105 indywidualne potrzeby ka\u017cdego klienta.<\/p>\t\t<\/div>\n\n\t\t\t\t\t\t<\/div>\n\t\t\t\t<\/div>\n\t\t\t\t\t<\/div>\n\t\t<\/div>\n\t\t\t\t\t<\/div>\n\t\t<\/section>\n\t\t\t\t<section class=\"elementor-section elementor-top-section elementor-element elementor-element-1d623a8 elementor-section-boxed elementor-section-height-default elementor-section-height-default\" data-id=\"1d623a8\" data-element_type=\"section\">\n\t\t\t\t\t\t<div class=\"elementor-container elementor-column-gap-extended\">\n\t\t\t\t\t<div data-custom-animations=\"true\" data-ca-options=\"{&quot;addChildTimelines&quot;:false,&quot;animationTarget&quot;:&quot;:scope &gt; .elementor-widget-wrap &gt; .elementor-element &gt; .elementor-widget-container, :scope &gt; .elementor-widget-wrap &gt; .elementor-section &gt; .elementor-container &gt; .elementor-column &gt; .elementor-widget-wrap &gt; .elementor-element:not(.lqd-el-has-inner-anim) &gt; .elementor-widget-container, :scope &gt; .elementor-widget-wrap &gt; .elementor-widget-hub_fancy_heading .lqd-split-lines .lqd-lines .split-inner, :scope &gt; .elementor-widget-wrap &gt; .elementor-widget-hub_fancy_heading .lqd-split-words .lqd-words .split-inner, :scope &gt; .elementor-widget-wrap &gt; .elementor-widget-hub_fancy_heading .lqd-split-chars .lqd-chars .split-inner, :scope &gt; .elementor-widget-wrap &gt; .elementor-widget-ld_custom_menu .lqd-fancy-menu &gt; ul &gt; li&quot;,&quot;startDelay&quot;:250,&quot;ease&quot;:[&quot;power4.out&quot;],&quot;initValues&quot;:{&quot;x&quot;:&quot;30px&quot;,&quot;opacity&quot;:0},&quot;animations&quot;:{&quot;x&quot;:&quot;0px&quot;,&quot;opacity&quot;:1}}\" class=\"elementor-column elementor-col-100 elementor-top-column elementor-element elementor-element-e57232b\" data-id=\"e57232b\" data-element_type=\"column\">\n\t\t\t<div class=\"elementor-widget-wrap elementor-element-populated\">\n\t\t\t\t\t\t<div class=\"elementor-element elementor-element-a5df17a elementor-widget elementor-widget-hub_fancy_heading\" data-id=\"a5df17a\" data-element_type=\"widget\" data-widget_type=\"hub_fancy_heading.default\">\n\t\t\t\t<div class=\"elementor-widget-container\">\n\t\t\t\t\t\n\t\t<div id=\"ld-fancy-heading-69f867f806e9a\" class=\"ld-fancy-heading pos-rel\">\n\t\t\t<h2 class=\"ld-fh-element d-inline-block pos-rel  elementor-heading-title lqd-highlight-classic lqd-highlight-grow-left h2\"  > Nasza filozofia<\/h2>\t\t<\/div>\n\n\t\t\t\t\t\t<\/div>\n\t\t\t\t<\/div>\n\t\t\t\t<div class=\"elementor-element elementor-element-f30a3b6 elementor-widget elementor-widget-hub_fancy_heading\" data-id=\"f30a3b6\" data-element_type=\"widget\" data-widget_type=\"hub_fancy_heading.default\">\n\t\t\t\t<div class=\"elementor-widget-container\">\n\t\t\t\t\t\n\t\t<div id=\"ld-fancy-heading-69f867f807223\" class=\"ld-fancy-heading pos-rel\">\n\t\t\t<h2 class=\"ld-fh-element d-inline-block pos-rel  elementor-heading-title lqd-highlight-classic lqd-highlight-grow-left h2\"  > Filary naszej pracy<\/h2>\t\t<\/div>\n\n\t\t\t\t\t\t<\/div>\n\t\t\t\t<\/div>\n\t\t\t\t<div class=\"elementor-element elementor-element-a46c6fe elementor-widget elementor-widget-ld_accordion\" data-id=\"a46c6fe\" data-element_type=\"widget\" data-widget_type=\"ld_accordion.default\">\n\t\t\t\t<div class=\"elementor-widget-container\">\n\t\t\t\t\t\n\t\t<div class=\"accordion accordion-md\" id=\"accordion-69f867f807d2d\" role=\"tablist\" aria-multiselectable=\"true\">\n\t\t\t\t\t\t\t\t\t\t\t\t<div class=\"accordion-item panel  active\">\n\t\t\t\t\n\t\t\t\t<div class=\"accordion-heading\" role=\"tab\" id=\"heading-1721\">\n\t\t\t\t<h4 class=\"accordion-title\">\n\t\t\t\t\t<a class=\"\" role=\"button\" data-toggle=\"collapse\" \n\t\t\t\t\tdata-parent=\"#accordion-69f867f807d2d\" href=\"#collapse-1721\" \n\t\t\t\t\taria-expanded=\"true\" aria-controls=\"collapse-1721\">\n\t\t\t\t\t\t\t\t\t\t\t\t<span class=\"accordion-title-txt\">Partnerstwo i zaufanie<\/span>\n\t\t\t\t\t\t\t\t\t\t\t\t\t<span class=\"accordion-expander\"><i class=\"lqd-icn-ess icon-ion-ios-add\"><\/i><i class=\"lqd-icn-ess icon-ion-ios-remove\"><\/i><\/span>\t\t\t\t\t\t\t\t\t\t\t<\/a>\n\t\t\t\t<\/h4>\n\t\t\t\t<\/div>\n\t\t\t\t\n\t\t\t\t<div id=\"collapse-1721\" class=\"accordion-collapse collapse  in\" role=\"tabpanel\" aria-labelledby=\"heading-1721\">\n\n\t\t\t\t<div class=\"accordion-content\">\n\t\t\t\t\t<p>Wierzymy, \u017ce tworzenie domu to proces oparty na partnerstwie mi\u0119dzy projektantem a w\u0142a\u015bcicielem. Nasze podej\u015bcie zorientowane na obs\u0142ug\u0119 sprawia, \u017ce ca\u0142y proces jest prosty, intuicyjny i przyjemny.<\/p>\t\t\t\t<\/div>\n\t\t\t\t\t\t\n\t\t\t\t<\/div>\n\t\t\t\t\n\t\t\t<\/div>\n\t\t\t\t\t\t\t\t\t<div class=\"accordion-item panel\">\n\t\t\t\t\n\t\t\t\t<div class=\"accordion-heading\" role=\"tab\" id=\"heading-1722\">\n\t\t\t\t<h4 class=\"accordion-title\">\n\t\t\t\t\t<a class=\"collapsed\" role=\"button\" data-toggle=\"collapse\" \n\t\t\t\t\tdata-parent=\"#accordion-69f867f807d2d\" href=\"#collapse-1722\" \n\t\t\t\t\taria-expanded=\"false\" aria-controls=\"collapse-1722\">\n\t\t\t\t\t\t\t\t\t\t\t\t<span class=\"accordion-title-txt\">Jako\u015b\u0107 i szczeg\u00f3\u0142y<\/span>\n\t\t\t\t\t\t\t\t\t\t\t\t\t<span class=\"accordion-expander\"><i class=\"lqd-icn-ess icon-ion-ios-add\"><\/i><i class=\"lqd-icn-ess icon-ion-ios-remove\"><\/i><\/span>\t\t\t\t\t\t\t\t\t\t\t<\/a>\n\t\t\t\t<\/h4>\n\t\t\t\t<\/div>\n\t\t\t\t\n\t\t\t\t<div id=\"collapse-1722\" class=\"accordion-collapse collapse\" role=\"tabpanel\" aria-labelledby=\"heading-1722\">\n\n\t\t\t\t<div class=\"accordion-content\">\n\t\t\t\t\t<p>Dzi\u0119ki naszemu profesjonalnemu i kreatywnemu zespo\u0142owi realizujemy wszystkie projekty \u2013 du\u017ce i ma\u0142e \u2013 z tak\u0105 sam\u0105 dba\u0142o\u015bci\u0105 o szczeg\u00f3\u0142y. \u0141\u0105czymy w\u0142osk\u0105 estetyk\u0119 z najwy\u017csz\u0105 jako\u015bci\u0105 wykonania.<\/p>\t\t\t\t<\/div>\n\t\t\t\t\t\t\n\t\t\t\t<\/div>\n\t\t\t\t\n\t\t\t<\/div>\n\t\t\t\t\t\t\t\t\t<div class=\"accordion-item panel\">\n\t\t\t\t\n\t\t\t\t<div class=\"accordion-heading\" role=\"tab\" id=\"heading-1723\">\n\t\t\t\t<h4 class=\"accordion-title\">\n\t\t\t\t\t<a class=\"collapsed\" role=\"button\" data-toggle=\"collapse\" \n\t\t\t\t\tdata-parent=\"#accordion-69f867f807d2d\" href=\"#collapse-1723\" \n\t\t\t\t\taria-expanded=\"false\" aria-controls=\"collapse-1723\">\n\t\t\t\t\t\t\t\t\t\t\t\t<span class=\"accordion-title-txt\">Bud\u017cet i terminowo\u015b\u0107<\/span>\n\t\t\t\t\t\t\t\t\t\t\t\t\t<span class=\"accordion-expander\"><i class=\"lqd-icn-ess icon-ion-ios-add\"><\/i><i class=\"lqd-icn-ess icon-ion-ios-remove\"><\/i><\/span>\t\t\t\t\t\t\t\t\t\t\t<\/a>\n\t\t\t\t<\/h4>\n\t\t\t\t<\/div>\n\t\t\t\t\n\t\t\t\t<div id=\"collapse-1723\" class=\"accordion-collapse collapse\" role=\"tabpanel\" aria-labelledby=\"heading-1723\">\n\n\t\t\t\t<div class=\"accordion-content\">\n\t\t\t\t\t<p>Oferujemy kreatywne i ponadczasowe rozwi\u0105zania, zawsze przestrzegaj\u0105c bud\u017cetu i harmonogramu naszych klient\u00f3w. Gwarantujemy doskona\u0142y efekt ko\u0144cowy zgodny z ustalonymi ograniczeniami.<\/p>\t\t\t\t<\/div>\n\t\t\t\t\t\t\n\t\t\t\t<\/div>\n\t\t\t\t\n\t\t\t<\/div>\n\t\t\t\t\t\t\n\t\t<\/div>\n\n\t\t\t\t\t\t<\/div>\n\t\t\t\t<\/div>\n\t\t\t\t\t<\/div>\n\t\t<\/div>\n\t\t\t\t\t<\/div>\n\t\t<\/section>\n\t\t\t\t<section class=\"elementor-section elementor-top-section elementor-element elementor-element-d1258c6 elementor-section-boxed elementor-section-height-default elementor-section-height-default\" data-id=\"d1258c6\" data-element_type=\"section\">\n\t\t\t\t\t\t<div class=\"elementor-container elementor-column-gap-extended\">\n\t\t\t\t\t<div data-custom-animations=\"true\" data-ca-options=\"{&quot;addChildTimelines&quot;:false,&quot;animationTarget&quot;:&quot;:scope &gt; .elementor-widget-wrap &gt; .elementor-element &gt; .elementor-widget-container, :scope &gt; .elementor-widget-wrap &gt; .elementor-section &gt; .elementor-container &gt; .elementor-column &gt; .elementor-widget-wrap &gt; .elementor-element:not(.lqd-el-has-inner-anim) &gt; .elementor-widget-container, :scope &gt; .elementor-widget-wrap &gt; .elementor-widget-hub_fancy_heading .lqd-split-lines .lqd-lines .split-inner, :scope &gt; .elementor-widget-wrap &gt; .elementor-widget-hub_fancy_heading .lqd-split-words .lqd-words .split-inner, :scope &gt; .elementor-widget-wrap &gt; .elementor-widget-hub_fancy_heading .lqd-split-chars .lqd-chars .split-inner, :scope &gt; .elementor-widget-wrap &gt; .elementor-widget-ld_custom_menu .lqd-fancy-menu &gt; ul &gt; li&quot;,&quot;startDelay&quot;:250,&quot;ease&quot;:[&quot;power4.out&quot;],&quot;initValues&quot;:{&quot;x&quot;:&quot;30px&quot;,&quot;opacity&quot;:0},&quot;animations&quot;:{&quot;x&quot;:&quot;0px&quot;,&quot;opacity&quot;:1}}\" class=\"elementor-column elementor-col-100 elementor-top-column elementor-element elementor-element-28d986e\" data-id=\"28d986e\" data-element_type=\"column\">\n\t\t\t<div class=\"elementor-widget-wrap elementor-element-populated\">\n\t\t\t\t\t\t<div class=\"elementor-element elementor-element-a6b554b elementor-widget elementor-widget-hub_fancy_heading\" data-id=\"a6b554b\" data-element_type=\"widget\" data-widget_type=\"hub_fancy_heading.default\">\n\t\t\t\t<div class=\"elementor-widget-container\">\n\t\t\t\t\t\n\t\t<div id=\"ld-fancy-heading-69f867f808173\" class=\"ld-fancy-heading pos-rel\">\n\t\t\t<h2 class=\"ld-fh-element d-inline-block pos-rel  elementor-heading-title lqd-highlight-classic lqd-highlight-grow-left h2\"  > Porozmawiajmy<\/h2>\t\t<\/div>\n\n\t\t\t\t\t\t<\/div>\n\t\t\t\t<\/div>\n\t\t\t\t<div class=\"elementor-element elementor-element-b185247 elementor-widget elementor-widget-hub_fancy_heading\" data-id=\"b185247\" data-element_type=\"widget\" data-widget_type=\"hub_fancy_heading.default\">\n\t\t\t\t<div class=\"elementor-widget-container\">\n\t\t\t\t\t\n\t\t<div id=\"ld-fancy-heading-69f867f808511\" class=\"ld-fancy-heading pos-rel\">\n\t\t\t<h2 class=\"ld-fh-element d-inline-block pos-rel  elementor-heading-title lqd-highlight-classic lqd-highlight-grow-left h2\"  > Twojego projektu<\/h2>\t\t<\/div>\n\n\t\t\t\t\t\t<\/div>\n\t\t\t\t<\/div>\n\t\t\t\t<div class=\"elementor-element elementor-element-314c2eb elementor-widget elementor-widget-hub_fancy_heading\" data-id=\"314c2eb\" data-element_type=\"widget\" data-widget_type=\"hub_fancy_heading.default\">\n\t\t\t\t<div class=\"elementor-widget-container\">\n\t\t\t\t\t\n\t\t<div id=\"ld-fancy-heading-69f867f8088a3\" class=\"ld-fancy-heading pos-rel\">\n\t\t\t<p class=\"ld-fh-element d-inline-block pos-rel  lqd-highlight-classic lqd-highlight-grow-left p\"  > Zobacz, jak mo\u017cemy przekszta\u0142ci\u0107 Tw\u00f3j pomys\u0142 w funkcjonalne dzie\u0142o sztuki.<\/p>\t\t<\/div>\n\n\t\t\t\t\t\t<\/div>\n\t\t\t\t<\/div>\n\t\t\t\t<div class=\"elementor-element elementor-element-e25572e elementor-widget elementor-widget-ld_button\" data-id=\"e25572e\" data-element_type=\"widget\" data-widget_type=\"ld_button.default\">\n\t\t\t\t<div class=\"elementor-widget-container\">\n\t\t\t\t\t\n\t\t<a  href=\"#modal-8081\" class=\"elementor-button btn align-items-center justify-content-center pos-rel overflow-hidden ws-nowrap btn-solid btn-hover-txt-liquid-x-alt btn-has-label btn-extended-lines\" data-lqd-lity=\"#modal-8081\" >\n\t\t\t\t\t\t\t<span class=\"btn-txt d-block pos-rel z-index-3\"  data-text=\"Invia un messaggio\" data-split-text=\"true\" data-split-options='{\"type\": \"chars, words\"}'>\n\t\t\t\t\t\t\t\t\t\t\tWy\u015blij wiadomo\u015b\u0107\t\t\t\t\t\t\t\t\t<\/span>\n\t\t\t\t\t\t\t\t\t\t\t\t<i class=\"btn-extended-line btn-extended-line-tl d-inline-block pos-abs pointer-events-none\"><\/i>\n\t\t\t\t\t\t\t\t\t\t\t<i class=\"btn-extended-line btn-extended-line-tr d-inline-block pos-abs pointer-events-none\"><\/i>\n\t\t\t\t\t\t\t\t\t\t\t<i class=\"btn-extended-line btn-extended-line-br d-inline-block pos-abs pointer-events-none\"><\/i>\n\t\t\t\t\t\t\t\t\t\t\t<i class=\"btn-extended-line btn-extended-line-bl d-inline-block pos-abs pointer-events-none\"><\/i>\n\t\t\t\t\t\t\t<\/a>\n\n\t\t\t\t\t\t<\/div>\n\t\t\t\t<\/div>\n\t\t\t\t<div class=\"elementor-element elementor-element-805cb2a elementor-widget elementor-widget-ld_button\" data-id=\"805cb2a\" data-element_type=\"widget\" data-widget_type=\"ld_button.default\">\n\t\t\t\t<div class=\"elementor-widget-container\">\n\t\t\t\t\t\n\t\t<a  href=\"http:\/\/serwer2538963.home.pl\/kose\/projects-2\/\" class=\"elementor-button btn align-items-center justify-content-center pos-rel overflow-hidden ws-nowrap btn-solid btn-hover-txt-liquid-x-alt btn-has-label btn-extended-lines\" >\n\t\t\t\t\t\t\t<span class=\"btn-txt d-block pos-rel z-index-3\"  data-text=\"GUARDA LE NOSTRE REALIZZAZIONI\" data-split-text=\"true\" data-split-options='{\"type\": \"chars, words\"}'>\n\t\t\t\t\t\t\t\t\t\t\tZOBACZ NASZE REALIZACJE\t\t\t\t\t\t\t\t\t<\/span>\n\t\t\t\t\t\t\t\t\t\t\t\t<i class=\"btn-extended-line btn-extended-line-tl d-inline-block pos-abs pointer-events-none\"><\/i>\n\t\t\t\t\t\t\t\t\t\t\t<i class=\"btn-extended-line btn-extended-line-tr d-inline-block pos-abs pointer-events-none\"><\/i>\n\t\t\t\t\t\t\t\t\t\t\t<i class=\"btn-extended-line btn-extended-line-br d-inline-block pos-abs pointer-events-none\"><\/i>\n\t\t\t\t\t\t\t\t\t\t\t<i class=\"btn-extended-line btn-extended-line-bl d-inline-block pos-abs pointer-events-none\"><\/i>\n\t\t\t\t\t\t\t<\/a>\n\n\t\t\t\t\t\t<\/div>\n\t\t\t\t<\/div>\n\t\t\t\t\t<\/div>\n\t\t<\/div>\n\t\t\t\t\t<\/div>\n\t\t<\/section>\n\t\t\t\t<\/div>","protected":false},"excerpt":{"rendered":"<p>Scopri Kose Studio Marchio italianoVisione globale Progettazione d&#8217;interniProgettazione architettonicaProgettazione illuminotecnica KOSE Interior Design Studio \u00e8 un marchio italiano che offre una gamma completa di servizi, operativo ininterrottamente dal 2008. Siamo specializzati nella pianificazione, progettazione e gestione di progetti per appartamenti, case e spazi commerciali. La nostra portata si estende non solo all&#8217;Italia, ma anche a [&hellip;]<\/p>","protected":false},"author":1,"featured_media":0,"parent":0,"menu_order":0,"comment_status":"closed","ping_status":"closed","template":"","meta":{"footnotes":""},"class_list":["post-7928","page","type-page","status-publish","hentry"],"_links":{"self":[{"href":"https:\/\/kosestudio.eu\/pl\/wp-json\/wp\/v2\/pages\/7928","targetHints":{"allow":["GET"]}}],"collection":[{"href":"https:\/\/kosestudio.eu\/pl\/wp-json\/wp\/v2\/pages"}],"about":[{"href":"https:\/\/kosestudio.eu\/pl\/wp-json\/wp\/v2\/types\/page"}],"author":[{"embeddable":true,"href":"https:\/\/kosestudio.eu\/pl\/wp-json\/wp\/v2\/users\/1"}],"replies":[{"embeddable":true,"href":"https:\/\/kosestudio.eu\/pl\/wp-json\/wp\/v2\/comments?post=7928"}],"version-history":[{"count":40,"href":"https:\/\/kosestudio.eu\/pl\/wp-json\/wp\/v2\/pages\/7928\/revisions"}],"predecessor-version":[{"id":9739,"href":"https:\/\/kosestudio.eu\/pl\/wp-json\/wp\/v2\/pages\/7928\/revisions\/9739"}],"wp:attachment":[{"href":"https:\/\/kosestudio.eu\/pl\/wp-json\/wp\/v2\/media?parent=7928"}],"curies":[{"name":"wp","href":"https:\/\/api.w.org\/{rel}","templated":true}]}}